{"id":11336,"date":"2024-05-29T11:04:19","date_gmt":"2024-05-29T11:04:19","guid":{"rendered":"https:\/\/afram.shop\/mentions-legales\/"},"modified":"2024-12-17T20:10:53","modified_gmt":"2024-12-17T20:10:53","slug":"mentions-legales","status":"publish","type":"page","link":"https:\/\/afram.shop\/fr\/mentions-legales\/","title":{"rendered":"Mentions l\u00e9gales"},"content":{"rendered":"\t\t<div data-elementor-type=\"wp-page\" data-elementor-id=\"11336\" class=\"elementor elementor-11336 elementor-3416\" data-elementor-post-type=\"page\">\n\t\t\t\t\t\t<section class=\"has_eae_slider elementor-section elementor-top-section elementor-element elementor-element-299ea29 page-content elementor-section-boxed elementor-section-height-default elementor-section-height-default\" data-id=\"299ea29\" data-element_type=\"section\">\n\t\t\t\t\t\t<div class=\"elementor-container elementor-column-gap-no\">\n\t\t\t\t\t<div class=\"has_eae_slider elementor-column elementor-col-33 elementor-top-column elementor-element elementor-element-f3412eb elementor-hidden-mobile_extra elementor-hidden-mobile\" data-id=\"f3412eb\" data-element_type=\"column\">\n\t\t\t<div class=\"elementor-widget-wrap\">\n\t\t\t\t\t\t\t<\/div>\n\t\t<\/div>\n\t\t\t\t<div class=\"has_eae_slider elementor-column elementor-col-33 elementor-top-column elementor-element elementor-element-bdec7af\" data-id=\"bdec7af\" data-element_type=\"column\">\n\t\t\t<div class=\"elementor-widget-wrap elementor-element-populated\">\n\t\t\t\t\t\t<div class=\"elementor-element elementor-element-7102125 elementor-widget elementor-widget-text-editor\" data-id=\"7102125\" data-element_type=\"widget\" data-widget_type=\"text-editor.default\">\n\t\t\t\t<div class=\"elementor-widget-container\">\n\t\t\t\t\t\t\t<p>Afros American Hair &amp; Cosmetics<br \/>Pferseerstr.10<br \/>86150 Augsbrug<br \/>Allemagne<br \/>T\u00e9l.<br \/>+49 15124005050<br \/>E-mail : info@afram.shop<\/p>\t\t\t\t\t\t<\/div>\n\t\t\t\t<\/div>\n\t\t\t\t<div class=\"elementor-element elementor-element-c53a7eb elementor-widget elementor-widget-text-editor\" data-id=\"c53a7eb\" data-element_type=\"widget\" data-widget_type=\"text-editor.default\">\n\t\t\t\t<div class=\"elementor-widget-container\">\n\t\t\t\t\t\t\t<p>Tribunal d&#8217;enregistrement : Tribunal d&#8217;instance d&#8217;Augsbourg<br>Num\u00e9ro d&#8217;enregistrement : *en cours*<br>Directeur : Viossi Madja<br>Num\u00e9ro de TVA intracommunautaire :&nbsp;*en cours*<br>Plate-forme de la Commission europ\u00e9enne pour le r\u00e8glement en ligne des litiges <a href=\"https:\/\/ec.europa.eu\/odr\" rel=\"noopener\" target=\"_blank\">: https:\/\/ec.europa.eu\/odr<\/a><\/p>\n\t\t\t\t\t\t<\/div>\n\t\t\t\t<\/div>\n\t\t\t\t<div class=\"elementor-element elementor-element-56b933d elementor-widget elementor-widget-text-editor\" data-id=\"56b933d\" data-element_type=\"widget\" data-widget_type=\"text-editor.default\">\n\t\t\t\t<div class=\"elementor-widget-container\">\n\t\t\t\t\t\t\t<p>Nous ne sommes ni oblig\u00e9s ni dispos\u00e9s \u00e0 participer \u00e0 une proc\u00e9dure de r\u00e8glement des litiges devant un organisme de conciliation des consommateurs.<\/p>\n\t\t\t\t\t\t<\/div>\n\t\t\t\t<\/div>\n\t\t\t\t\t<\/div>\n\t\t<\/div>\n\t\t\t\t<div class=\"has_eae_slider elementor-column elementor-col-33 elementor-top-column elementor-element elementor-element-7c70991 elementor-hidden-mobile_extra elementor-hidden-mobile\" data-id=\"7c70991\" data-element_type=\"column\">\n\t\t\t<div class=\"elementor-widget-wrap\">\n\t\t\t\t\t\t\t<\/div>\n\t\t<\/div>\n\t\t\t\t\t<\/div>\n\t\t<\/section>\n\t\t\t\t<\/div>\n\t\t","protected":false},"excerpt":{"rendered":"<p>Afros American Hair &amp; Cosmetics Pferseerstr.10 86150 Augsbrug Allemagne T\u00e9l. +49 15124005050 E-mail : info@afram.shop Tribunal d&#8217;enregistrement : Tribunal d&#8217;instance d&#8217;Augsbourg Num\u00e9ro d&#8217;enregistrement : *en cours* Directeur : Viossi Madja Num\u00e9ro de TVA intracommunautaire :\u00a0*en cours* Plate-forme de la Commission europ\u00e9enne pour le r\u00e8glement en ligne des litiges : https:\/\/ec.europa.eu\/odr Nous ne sommes ni oblig\u00e9s [&hellip;]<\/p>\n","protected":false},"author":1314,"featured_media":11078,"parent":0,"menu_order":0,"comment_status":"closed","ping_status":"closed","template":"","meta":{"_acf_changed":false,"footnotes":""},"class_list":["post-11336","page","type-page","status-publish","has-post-thumbnail","hentry"],"acf":[],"yoast_head":"<!-- This site is optimized with the Yoast SEO plugin v24.0 - https:\/\/yoast.com\/wordpress\/plugins\/seo\/ -->\n<title>Mentions l\u00e9gales | Afram Shop | Informations de contact<\/title>\n<meta name=\"description\" content=\"Trouvez les informations l\u00e9gales d&#039;Afram Shop sur notre page de mentions l\u00e9gales, y compris l&#039;adresse de notre soci\u00e9t\u00e9, son enregistrement et plus encore.\" \/>\n<meta name=\"robots\" content=\"index, follow, max-snippet:-1, max-image-preview:large, max-video-preview:-1\" \/>\n<link rel=\"canonical\" href=\"https:\/\/afram.shop\/fr\/mentions-legales\/\" \/>\n<meta property=\"og:locale\" content=\"fr_FR\" \/>\n<meta property=\"og:type\" content=\"article\" \/>\n<meta property=\"og:title\" content=\"Mentions l\u00e9gales | Boutique Afaram | Mentions l\u00e9gales et informations de contact\" \/>\n<meta property=\"og:description\" content=\"Trouvez les informations l\u00e9gales et les coordonn\u00e9es de Afram Shop sur notre page de mentions l\u00e9gales. Vous y trouverez des d\u00e9tails sur l&#039;adresse de notre soci\u00e9t\u00e9, l&#039;enregistrement et plus encore.\" \/>\n<meta property=\"og:url\" content=\"https:\/\/afram.shop\/fr\/mentions-legales\/\" \/>\n<meta property=\"og:site_name\" content=\"Afro American Hair &amp; Cosmetic Shop\" \/>\n<meta property=\"article:modified_time\" content=\"2024-12-17T20:10:53+00:00\" \/>\n<meta property=\"og:image\" content=\"https:\/\/afram.shop\/wp-content\/uploads\/2024\/07\/afram.jpg\" \/>\n<meta name=\"twitter:card\" content=\"summary_large_image\" \/>\n<meta name=\"twitter:title\" content=\"Mentions l\u00e9gales | Boutique Afaram | Mentions l\u00e9gales et informations de contact\" \/>\n<meta name=\"twitter:description\" content=\"Trouvez les informations l\u00e9gales et les coordonn\u00e9es de Afram Shop sur notre page de mentions l\u00e9gales. Vous y trouverez des d\u00e9tails sur l&#039;adresse de notre soci\u00e9t\u00e9, l&#039;enregistrement et plus encore.\" \/>\n<meta name=\"twitter:image\" content=\"https:\/\/afram.shop\/wp-content\/uploads\/2024\/07\/afram.jpg\" \/>\n<meta name=\"twitter:label1\" content=\"Est. reading time\" \/>\n\t<meta name=\"twitter:data1\" content=\"1 minute\" \/>\n<script type=\"application\/ld+json\" class=\"yoast-schema-graph\">{\"@context\":\"https:\/\/schema.org\",\"@graph\":[{\"@type\":\"WebPage\",\"@id\":\"https:\/\/afram.shop\/fr\/mentions-legales\/\",\"url\":\"https:\/\/afram.shop\/fr\/mentions-legales\/\",\"name\":\"Mentions l\u00e9gales | Afram Shop | Informations de contact\",\"isPartOf\":{\"@id\":\"https:\/\/afram.shop\/fr\/#website\"},\"primaryImageOfPage\":{\"@id\":\"https:\/\/afram.shop\/fr\/mentions-legales\/#primaryimage\"},\"image\":{\"@id\":\"https:\/\/afram.shop\/fr\/mentions-legales\/#primaryimage\"},\"thumbnailUrl\":\"https:\/\/afram.shop\/wp-content\/uploads\/2024\/07\/afram.jpg\",\"datePublished\":\"2024-05-29T11:04:19+00:00\",\"dateModified\":\"2024-12-17T20:10:53+00:00\",\"description\":\"Trouvez les informations l\u00e9gales d'Afram Shop sur notre page de mentions l\u00e9gales, y compris l'adresse de notre soci\u00e9t\u00e9, son enregistrement et plus encore.\",\"breadcrumb\":{\"@id\":\"https:\/\/afram.shop\/fr\/mentions-legales\/#breadcrumb\"},\"inLanguage\":\"fr-FR\",\"potentialAction\":[{\"@type\":\"ReadAction\",\"target\":[\"https:\/\/afram.shop\/fr\/mentions-legales\/\"]}]},{\"@type\":\"ImageObject\",\"inLanguage\":\"fr-FR\",\"@id\":\"https:\/\/afram.shop\/fr\/mentions-legales\/#primaryimage\",\"url\":\"https:\/\/afram.shop\/wp-content\/uploads\/2024\/07\/afram.jpg\",\"contentUrl\":\"https:\/\/afram.shop\/wp-content\/uploads\/2024\/07\/afram.jpg\",\"width\":200,\"height\":200},{\"@type\":\"BreadcrumbList\",\"@id\":\"https:\/\/afram.shop\/fr\/mentions-legales\/#breadcrumb\",\"itemListElement\":[{\"@type\":\"ListItem\",\"position\":1,\"name\":\"Home\",\"item\":\"https:\/\/afram.shop\/fr\/\"},{\"@type\":\"ListItem\",\"position\":2,\"name\":\"Mentions l\u00e9gales\"}]},{\"@type\":\"WebSite\",\"@id\":\"https:\/\/afram.shop\/fr\/#website\",\"url\":\"https:\/\/afram.shop\/fr\/\",\"name\":\"Afro American Hair & Cosmetic Shop\",\"description\":\"\",\"publisher\":{\"@id\":\"https:\/\/afram.shop\/fr\/#organization\"},\"potentialAction\":[{\"@type\":\"SearchAction\",\"target\":{\"@type\":\"EntryPoint\",\"urlTemplate\":\"https:\/\/afram.shop\/fr\/?s={search_term_string}\"},\"query-input\":{\"@type\":\"PropertyValueSpecification\",\"valueRequired\":true,\"valueName\":\"search_term_string\"}}],\"inLanguage\":\"fr-FR\"},{\"@type\":\"Organization\",\"@id\":\"https:\/\/afram.shop\/fr\/#organization\",\"name\":\"Afro American Hair & Cosmetic Shop\",\"url\":\"https:\/\/afram.shop\/fr\/\",\"logo\":{\"@type\":\"ImageObject\",\"inLanguage\":\"fr-FR\",\"@id\":\"https:\/\/afram.shop\/fr\/#\/schema\/logo\/image\/\",\"url\":\"http:\/\/localhost\/new_aframshop\/wp-content\/uploads\/2024\/06\/feature.png\",\"contentUrl\":\"http:\/\/localhost\/new_aframshop\/wp-content\/uploads\/2024\/06\/feature.png\",\"width\":500,\"height\":500,\"caption\":\"Afro American Hair & Cosmetic Shop\"},\"image\":{\"@id\":\"https:\/\/afram.shop\/fr\/#\/schema\/logo\/image\/\"},\"sameAs\":[\"https:\/\/www.instagram.com\/afram_shop\/\"]}]}<\/script>\n<!-- \/ Yoast SEO plugin. -->","yoast_head_json":{"title":"Mentions l\u00e9gales | Afram Shop | Informations de contact","description":"Trouvez les informations l\u00e9gales d'Afram Shop sur notre page de mentions l\u00e9gales, y compris l'adresse de notre soci\u00e9t\u00e9, son enregistrement et plus encore.","robots":{"index":"index","follow":"follow","max-snippet":"max-snippet:-1","max-image-preview":"max-image-preview:large","max-video-preview":"max-video-preview:-1"},"canonical":"https:\/\/afram.shop\/fr\/mentions-legales\/","og_locale":"fr_FR","og_type":"article","og_title":"Mentions l\u00e9gales | Boutique Afaram | Mentions l\u00e9gales et informations de contact","og_description":"Trouvez les informations l\u00e9gales et les coordonn\u00e9es de Afram Shop sur notre page de mentions l\u00e9gales. Vous y trouverez des d\u00e9tails sur l'adresse de notre soci\u00e9t\u00e9, l'enregistrement et plus encore.","og_url":"https:\/\/afram.shop\/fr\/mentions-legales\/","og_site_name":"Afro American Hair &amp; Cosmetic Shop","article_modified_time":"2024-12-17T20:10:53+00:00","og_image":[{"url":"https:\/\/afram.shop\/wp-content\/uploads\/2024\/07\/afram.jpg","type":"","width":"","height":""}],"twitter_card":"summary_large_image","twitter_title":"Mentions l\u00e9gales | Boutique Afaram | Mentions l\u00e9gales et informations de contact","twitter_description":"Trouvez les informations l\u00e9gales et les coordonn\u00e9es de Afram Shop sur notre page de mentions l\u00e9gales. Vous y trouverez des d\u00e9tails sur l'adresse de notre soci\u00e9t\u00e9, l'enregistrement et plus encore.","twitter_image":"https:\/\/afram.shop\/wp-content\/uploads\/2024\/07\/afram.jpg","twitter_misc":{"Est. reading time":"1 minute"},"schema":{"@context":"https:\/\/schema.org","@graph":[{"@type":"WebPage","@id":"https:\/\/afram.shop\/fr\/mentions-legales\/","url":"https:\/\/afram.shop\/fr\/mentions-legales\/","name":"Mentions l\u00e9gales | Afram Shop | Informations de contact","isPartOf":{"@id":"https:\/\/afram.shop\/fr\/#website"},"primaryImageOfPage":{"@id":"https:\/\/afram.shop\/fr\/mentions-legales\/#primaryimage"},"image":{"@id":"https:\/\/afram.shop\/fr\/mentions-legales\/#primaryimage"},"thumbnailUrl":"https:\/\/afram.shop\/wp-content\/uploads\/2024\/07\/afram.jpg","datePublished":"2024-05-29T11:04:19+00:00","dateModified":"2024-12-17T20:10:53+00:00","description":"Trouvez les informations l\u00e9gales d'Afram Shop sur notre page de mentions l\u00e9gales, y compris l'adresse de notre soci\u00e9t\u00e9, son enregistrement et plus encore.","breadcrumb":{"@id":"https:\/\/afram.shop\/fr\/mentions-legales\/#breadcrumb"},"inLanguage":"fr-FR","potentialAction":[{"@type":"ReadAction","target":["https:\/\/afram.shop\/fr\/mentions-legales\/"]}]},{"@type":"ImageObject","inLanguage":"fr-FR","@id":"https:\/\/afram.shop\/fr\/mentions-legales\/#primaryimage","url":"https:\/\/afram.shop\/wp-content\/uploads\/2024\/07\/afram.jpg","contentUrl":"https:\/\/afram.shop\/wp-content\/uploads\/2024\/07\/afram.jpg","width":200,"height":200},{"@type":"BreadcrumbList","@id":"https:\/\/afram.shop\/fr\/mentions-legales\/#breadcrumb","itemListElement":[{"@type":"ListItem","position":1,"name":"Home","item":"https:\/\/afram.shop\/fr\/"},{"@type":"ListItem","position":2,"name":"Mentions l\u00e9gales"}]},{"@type":"WebSite","@id":"https:\/\/afram.shop\/fr\/#website","url":"https:\/\/afram.shop\/fr\/","name":"Afro American Hair & Cosmetic Shop","description":"","publisher":{"@id":"https:\/\/afram.shop\/fr\/#organization"},"potentialAction":[{"@type":"SearchAction","target":{"@type":"EntryPoint","urlTemplate":"https:\/\/afram.shop\/fr\/?s={search_term_string}"},"query-input":{"@type":"PropertyValueSpecification","valueRequired":true,"valueName":"search_term_string"}}],"inLanguage":"fr-FR"},{"@type":"Organization","@id":"https:\/\/afram.shop\/fr\/#organization","name":"Afro American Hair & Cosmetic Shop","url":"https:\/\/afram.shop\/fr\/","logo":{"@type":"ImageObject","inLanguage":"fr-FR","@id":"https:\/\/afram.shop\/fr\/#\/schema\/logo\/image\/","url":"http:\/\/localhost\/new_aframshop\/wp-content\/uploads\/2024\/06\/feature.png","contentUrl":"http:\/\/localhost\/new_aframshop\/wp-content\/uploads\/2024\/06\/feature.png","width":500,"height":500,"caption":"Afro American Hair & Cosmetic Shop"},"image":{"@id":"https:\/\/afram.shop\/fr\/#\/schema\/logo\/image\/"},"sameAs":["https:\/\/www.instagram.com\/afram_shop\/"]}]}},"post_mailing_queue_ids":[],"_links":{"self":[{"href":"https:\/\/afram.shop\/fr\/wp-json\/wp\/v2\/pages\/11336","targetHints":{"allow":["GET"]}}],"collection":[{"href":"https:\/\/afram.shop\/fr\/wp-json\/wp\/v2\/pages"}],"about":[{"href":"https:\/\/afram.shop\/fr\/wp-json\/wp\/v2\/types\/page"}],"author":[{"embeddable":true,"href":"https:\/\/afram.shop\/fr\/wp-json\/wp\/v2\/users\/1314"}],"replies":[{"embeddable":true,"href":"https:\/\/afram.shop\/fr\/wp-json\/wp\/v2\/comments?post=11336"}],"version-history":[{"count":7,"href":"https:\/\/afram.shop\/fr\/wp-json\/wp\/v2\/pages\/11336\/revisions"}],"predecessor-version":[{"id":13896,"href":"https:\/\/afram.shop\/fr\/wp-json\/wp\/v2\/pages\/11336\/revisions\/13896"}],"wp:featuredmedia":[{"embeddable":true,"href":"https:\/\/afram.shop\/fr\/wp-json\/wp\/v2\/media\/11078"}],"wp:attachment":[{"href":"https:\/\/afram.shop\/fr\/wp-json\/wp\/v2\/media?parent=11336"}],"curies":[{"name":"wp","href":"https:\/\/api.w.org\/{rel}","templated":true}]}}